{"id":12,"date":"2023-08-10T14:48:04","date_gmt":"2023-08-10T12:48:04","guid":{"rendered":"https:\/\/www.mcm64.fr\/?page_id=12"},"modified":"2024-04-03T16:13:01","modified_gmt":"2024-04-03T14:13:01","slug":"nos-actions","status":"publish","type":"page","link":"https:\/\/www.mcm64.fr\/?page_id=12","title":{"rendered":"Nos actions"},"content":{"rendered":"\t\t<div data-elementor-type=\"wp-page\" data-elementor-id=\"12\" class=\"elementor elementor-12\">\n\t\t\t\t\t\t<section class=\"elementor-section elementor-top-section elementor-element elementor-element-c3be08f elementor-section-boxed elementor-section-height-default elementor-section-height-default wpr-particle-no wpr-jarallax-no wpr-parallax-no wpr-sticky-section-no\" data-id=\"c3be08f\" data-element_type=\"section\" data-e-type=\"section\">\n\t\t\t\t\t\t<div class=\"elementor-container elementor-column-gap-default\">\n\t\t\t\t\t<div class=\"elementor-column elementor-col-100 elementor-top-column elementor-element elementor-element-6f082e6\" data-id=\"6f082e6\" data-element_type=\"column\" data-e-type=\"column\">\n\t\t\t<div class=\"elementor-widget-wrap elementor-element-populated\">\n\t\t\t\t\t\t<div class=\"elementor-element elementor-element-6ff66f4 elementor-widget elementor-widget-spacer\" data-id=\"6ff66f4\" data-element_type=\"widget\" data-e-type=\"widget\" data-widget_type=\"spacer.default\">\n\t\t\t\t<div class=\"elementor-widget-container\">\n\t\t\t\t\t\t\t<div class=\"elementor-spacer\">\n\t\t\t<div class=\"elementor-spacer-inner\"><\/div>\n\t\t<\/div>\n\t\t\t\t\t\t<\/div>\n\t\t\t\t<\/div>\n\t\t\t\t<div class=\"elementor-element elementor-element-e559c95 elementor-widget elementor-widget-text-editor\" data-id=\"e559c95\" data-element_type=\"widget\" data-e-type=\"widget\" data-widget_type=\"text-editor.default\">\n\t\t\t\t<div class=\"elementor-widget-container\">\n\t\t\t\t\t\t\t\t\t<p>La <strong>solidarit\u00e9 internationale et la citoyennet\u00e9<\/strong> sont les missions premi\u00e8res de la Maison des Citoyen.ne.s du Monde 64. <span style=\"font-size: 15px; background-color: rgba(249, 249, 249, 0);\">Pour d\u00e9fendre un monde plus juste et solidaire et oeuvrer dans le champ qui est le n\u00f4tre, nous d\u00e9clinons nos activit\u00e9s en 3 axes :<\/span><\/p>\n<ul role=\"list\">\n<li><strong>L\u2019animation du r\u00e9seau d\u2019acteurs<\/strong> de la citoyennet\u00e9 et de la solidarit\u00e9 internationale dans le 64,<\/li>\n<li><strong>L\u2019accueil et l\u2019int\u00e9gration de personnes exil\u00e9es<\/strong>,<\/li>\n<li><strong>La sensibilisation<\/strong> sur les th\u00e9matiques li\u00e9es \u00e0 la citoyennet\u00e9 et \u00e0 la solidarit\u00e9 internationale.<\/li>\n<\/ul><div><span style=\"color: rgb(17, 16, 16); font-family: Lato, sans-serif; font-size: 15px; font-style: normal; font-variant-ligatures: normal; font-variant-caps: normal; font-weight: 400;\">Depuis 2023, nous sommes labellis\u00e9s&nbsp;<\/span><span style=\"font-variant-ligatures: normal; font-variant-caps: normal; font-family: Lato, sans-serif; font-size: 15px; font-style: normal; font-weight: bolder; color: rgb(17, 16, 16);\">\u00ab\u00a0Structure ressource territoriale en ECSI\u00a0\u00bb<\/span><span style=\"color: rgb(17, 16, 16); font-family: Lato, sans-serif; font-size: 15px; font-style: normal; font-variant-ligatures: normal; font-variant-caps: normal; font-weight: 400;\">&nbsp;par la R\u00e9gion Nouvelle Aquitaine sur le 64. Le Conseil D\u00e9partemental nous soutient \u00e9galement dans ce nouveau r\u00f4le. Concr\u00e8tement, n<\/span><span style=\"font-variant-ligatures: normal; font-variant-caps: normal; font-family: Lato, sans-serif; font-size: 15px; font-style: normal; font-weight: 400; color: rgb(17, 16, 16); background-color: rgba(249, 249, 249, 0);\">otre mission est d\u2019ancrer et d\u00e9velopper l\u2019ECSI sur le territoire, en f\u00e9d\u00e9rant, animant et accompagnant la mont\u00e9e en comp\u00e9tences des acteurs existants sur ce sujet.<\/span><br><\/div>\t\t\t\t\t\t\t\t<\/div>\n\t\t\t\t<\/div>\n\t\t\t\t<div class=\"elementor-element elementor-element-ae981b5 elementor-widget elementor-widget-image\" data-id=\"ae981b5\" data-element_type=\"widget\" data-e-type=\"widget\" data-widget_type=\"image.default\">\n\t\t\t\t<div class=\"elementor-widget-container\">\n\t\t\t\t\t\t\t\t\t\t\t\t\t\t\t<img fetchpriority=\"high\" decoding=\"async\" width=\"750\" height=\"347\" src=\"https:\/\/www.mcm64.fr\/wp-content\/uploads\/2023\/08\/Capture-decran-2023-08-22-163447.png\" class=\"attachment-large size-large wp-image-123\" alt=\"\" srcset=\"https:\/\/www.mcm64.fr\/wp-content\/uploads\/2023\/08\/Capture-decran-2023-08-22-163447.png 750w, https:\/\/www.mcm64.fr\/wp-content\/uploads\/2023\/08\/Capture-decran-2023-08-22-163447-300x139.png 300w\" sizes=\"(max-width: 750px) 100vw, 750px\" \/>\t\t\t\t\t\t\t\t\t\t\t\t\t\t\t<\/div>\n\t\t\t\t<\/div>\n\t\t\t\t<div class=\"elementor-element elementor-element-614a082 elementor-widget elementor-widget-spacer\" data-id=\"614a082\" data-element_type=\"widget\" data-e-type=\"widget\" data-widget_type=\"spacer.default\">\n\t\t\t\t<div class=\"elementor-widget-container\">\n\t\t\t\t\t\t\t<div class=\"elementor-spacer\">\n\t\t\t<div class=\"elementor-spacer-inner\"><\/div>\n\t\t<\/div>\n\t\t\t\t\t\t<\/div>\n\t\t\t\t<\/div>\n\t\t\t\t\t<\/div>\n\t\t<\/div>\n\t\t\t\t\t<\/div>\n\t\t<\/section>\n\t\t\t\t<\/div>\n\t\t","protected":false},"excerpt":{"rendered":"<p>La solidarit\u00e9 internationale et la citoyennet\u00e9 sont les missions premi\u00e8res de la Maison des Citoyen.ne.s du Monde 64. Pour d\u00e9fendre un monde plus juste et solidaire et oeuvrer dans le champ qui est le n\u00f4tre, nous d\u00e9clinons nos activit\u00e9s en 3 axes : L\u2019animation du r\u00e9seau d\u2019acteurs de la citoyennet\u00e9 et de la solidarit\u00e9 internationale dans le 64, L\u2019accueil et l\u2019int\u00e9gration de personnes exil\u00e9es, La sensibilisation sur les th\u00e9matiques li\u00e9es \u00e0 la citoyennet\u00e9 et \u00e0 la solidarit\u00e9 internationale. Depuis 2023, nous sommes labellis\u00e9s&nbsp;\u00ab\u00a0Structure ressource territoriale en ECSI\u00a0\u00bb&nbsp;par la R\u00e9gion Nouvelle Aquitaine sur le 64. Le Conseil D\u00e9partemental nous soutient \u00e9galement dans ce nouveau r\u00f4le. Concr\u00e8tement, notre mission est d\u2019ancrer et d\u00e9velopper l\u2019ECSI sur le territoire, en f\u00e9d\u00e9rant, animant et accompagnant la mont\u00e9e en comp\u00e9tences des acteurs existants sur ce sujet.<\/p>\n","protected":false},"author":1,"featured_media":0,"parent":0,"menu_order":0,"comment_status":"closed","ping_status":"closed","template":"","meta":{"ocean_post_layout":"","ocean_both_sidebars_style":"","ocean_both_sidebars_content_width":0,"ocean_both_sidebars_sidebars_width":0,"ocean_sidebar":"0","ocean_second_sidebar":"0","ocean_disable_margins":"enable","ocean_add_body_class":"","ocean_shortcode_before_top_bar":"","ocean_shortcode_after_top_bar":"","ocean_shortcode_before_header":"","ocean_shortcode_after_header":"","ocean_has_shortcode":"","ocean_shortcode_after_title":"","ocean_shortcode_before_footer_widgets":"","ocean_shortcode_after_footer_widgets":"","ocean_shortcode_before_footer_bottom":"","ocean_shortcode_after_footer_bottom":"","ocean_display_top_bar":"default","ocean_display_header":"default","ocean_header_style":"","ocean_center_header_left_menu":"0","ocean_custom_header_template":"0","ocean_custom_logo":0,"ocean_custom_retina_logo":0,"ocean_custom_logo_max_width":0,"ocean_custom_logo_tablet_max_width":0,"ocean_custom_logo_mobile_max_width":0,"ocean_custom_logo_max_height":0,"ocean_custom_logo_tablet_max_height":0,"ocean_custom_logo_mobile_max_height":0,"ocean_header_custom_menu":"0","ocean_menu_typo_font_family":"0","ocean_menu_typo_font_subset":"","ocean_menu_typo_font_size":0,"ocean_menu_typo_font_size_tablet":0,"ocean_menu_typo_font_size_mobile":0,"ocean_menu_typo_font_size_unit":"px","ocean_menu_typo_font_weight":"","ocean_menu_typo_font_weight_tablet":"","ocean_menu_typo_font_weight_mobile":"","ocean_menu_typo_transform":"","ocean_menu_typo_transform_tablet":"","ocean_menu_typo_transform_mobile":"","ocean_menu_typo_line_height":0,"ocean_menu_typo_line_height_tablet":0,"ocean_menu_typo_line_height_mobile":0,"ocean_menu_typo_line_height_unit":"","ocean_menu_typo_spacing":0,"ocean_menu_typo_spacing_tablet":0,"ocean_menu_typo_spacing_mobile":0,"ocean_menu_typo_spacing_unit":"","ocean_menu_link_color":"","ocean_menu_link_color_hover":"","ocean_menu_link_color_active":"","ocean_menu_link_background":"","ocean_menu_link_hover_background":"","ocean_menu_link_active_background":"","ocean_menu_social_links_bg":"","ocean_menu_social_hover_links_bg":"","ocean_menu_social_links_color":"","ocean_menu_social_hover_links_color":"","ocean_disable_title":"default","ocean_disable_heading":"default","ocean_post_title":"","ocean_post_subheading":"","ocean_post_title_style":"","ocean_post_title_background_color":"","ocean_post_title_background":0,"ocean_post_title_bg_image_position":"","ocean_post_title_bg_image_attachment":"","ocean_post_title_bg_image_repeat":"","ocean_post_title_bg_image_size":"","ocean_post_title_height":0,"ocean_post_title_bg_overlay":0.5,"ocean_post_title_bg_overlay_color":"","ocean_disable_breadcrumbs":"default","ocean_breadcrumbs_color":"","ocean_breadcrumbs_separator_color":"","ocean_breadcrumbs_links_color":"","ocean_breadcrumbs_links_hover_color":"","ocean_display_footer_widgets":"default","ocean_display_footer_bottom":"default","ocean_custom_footer_template":"0","footnotes":""},"class_list":["post-12","page","type-page","status-publish","hentry","entry"],"_links":{"self":[{"href":"https:\/\/www.mcm64.fr\/index.php?rest_route=\/wp\/v2\/pages\/12","targetHints":{"allow":["GET"]}}],"collection":[{"href":"https:\/\/www.mcm64.fr\/index.php?rest_route=\/wp\/v2\/pages"}],"about":[{"href":"https:\/\/www.mcm64.fr\/index.php?rest_route=\/wp\/v2\/types\/page"}],"author":[{"embeddable":true,"href":"https:\/\/www.mcm64.fr\/index.php?rest_route=\/wp\/v2\/users\/1"}],"replies":[{"embeddable":true,"href":"https:\/\/www.mcm64.fr\/index.php?rest_route=%2Fwp%2Fv2%2Fcomments&post=12"}],"version-history":[{"count":25,"href":"https:\/\/www.mcm64.fr\/index.php?rest_route=\/wp\/v2\/pages\/12\/revisions"}],"predecessor-version":[{"id":610,"href":"https:\/\/www.mcm64.fr\/index.php?rest_route=\/wp\/v2\/pages\/12\/revisions\/610"}],"wp:attachment":[{"href":"https:\/\/www.mcm64.fr\/index.php?rest_route=%2Fwp%2Fv2%2Fmedia&parent=12"}],"curies":[{"name":"wp","href":"https:\/\/api.w.org\/{rel}","templated":true}]}}