{"id":751,"date":"2024-04-08T14:51:32","date_gmt":"2024-04-08T12:51:32","guid":{"rendered":"https:\/\/www.mcm64.fr\/?page_id=751"},"modified":"2024-05-01T11:21:13","modified_gmt":"2024-05-01T09:21:13","slug":"assemblee-generale","status":"publish","type":"page","link":"https:\/\/www.mcm64.fr\/?page_id=751","title":{"rendered":"Assembl\u00e9e G\u00e9n\u00e9rale"},"content":{"rendered":"\t\t<div data-elementor-type=\"wp-page\" data-elementor-id=\"751\" class=\"elementor elementor-751\">\n\t\t\t\t\t\t<section class=\"elementor-section elementor-top-section elementor-element elementor-element-57b17a4 elementor-section-boxed elementor-section-height-default elementor-section-height-default wpr-particle-no wpr-jarallax-no wpr-parallax-no wpr-sticky-section-no\" data-id=\"57b17a4\" data-element_type=\"section\" data-e-type=\"section\">\n\t\t\t\t\t\t<div class=\"elementor-container elementor-column-gap-default\">\n\t\t\t\t\t<div class=\"elementor-column elementor-col-100 elementor-top-column elementor-element elementor-element-ecc2897\" data-id=\"ecc2897\" data-element_type=\"column\" data-e-type=\"column\">\n\t\t\t<div class=\"elementor-widget-wrap elementor-element-populated\">\n\t\t\t\t\t\t<div class=\"elementor-element elementor-element-58c45a1 elementor-widget elementor-widget-text-editor\" data-id=\"58c45a1\" data-element_type=\"widget\" data-e-type=\"widget\" data-widget_type=\"text-editor.default\">\n\t\t\t\t<div class=\"elementor-widget-container\">\n\t\t\t\t\t\t\t\t\t<p>L&rsquo;assembl\u00e9e g\u00e9n\u00e9rale de la Maison des Citoyen-n-es du Monde s&rsquo;est tenue le 9 Avril 2024 dans les locaux de l&rsquo;association. L&rsquo;ensemble des r\u00e9solutions ont \u00e9t\u00e9 vot\u00e9es \u00e0 l&rsquo;unanimit\u00e9.<\/p><p><a href=\"https:\/\/www.mcm64.fr\/wp-content\/uploads\/2024\/04\/RAPPORT-MORAL-2023-1.pdf\">RAPPORT MORAL 2023 (1)<\/a><\/p><p><a href=\"https:\/\/www.mcm64.fr\/wp-content\/uploads\/2024\/04\/Rapport-d_activites-2023.pdf\">Rapport d_activit\u00e9s 2023<\/a><\/p><p><a href=\"https:\/\/www.mcm64.fr\/wp-content\/uploads\/2024\/04\/COMMENTAIRES-SUR-LE-BILAN-FINANCIER-2023-1.pdf\">COMMENTAIRES SUR LE BILAN FINANCIER 2023 (1)<\/a><\/p><p><a href=\"https:\/\/www.mcm64.fr\/wp-content\/uploads\/2024\/04\/PV-AG-2024-sur-2023.pdf\">PV AG 2024 sur 2023<\/a><\/p><p><img fetchpriority=\"high\" decoding=\"async\" class=\"alignnone size-medium wp-image-783\" src=\"https:\/\/www.mcm64.fr\/wp-content\/uploads\/2024\/05\/IMG_1852-300x225.jpg\" alt=\"\" width=\"300\" height=\"225\" srcset=\"https:\/\/www.mcm64.fr\/wp-content\/uploads\/2024\/05\/IMG_1852-300x225.jpg 300w, https:\/\/www.mcm64.fr\/wp-content\/uploads\/2024\/05\/IMG_1852.jpg 640w\" sizes=\"(max-width: 300px) 100vw, 300px\" \/><\/p><p>\u00a0<\/p><p>\u00a0<\/p>\t\t\t\t\t\t\t\t<\/div>\n\t\t\t\t<\/div>\n\t\t\t\t\t<\/div>\n\t\t<\/div>\n\t\t\t\t\t<\/div>\n\t\t<\/section>\n\t\t\t\t<\/div>\n\t\t","protected":false},"excerpt":{"rendered":"<p>L&rsquo;assembl\u00e9e g\u00e9n\u00e9rale de la Maison des Citoyen-n-es du Monde s&rsquo;est tenue le 9 Avril 2024 dans les locaux de l&rsquo;association. L&rsquo;ensemble des r\u00e9solutions ont \u00e9t\u00e9 vot\u00e9es \u00e0 l&rsquo;unanimit\u00e9. RAPPORT MORAL 2023 (1) Rapport d_activit\u00e9s 2023 COMMENTAIRES SUR LE BILAN FINANCIER 2023 (1) PV AG 2024 sur 2023 \u00a0 \u00a0<\/p>\n","protected":false},"author":1,"featured_media":0,"parent":0,"menu_order":0,"comment_status":"closed","ping_status":"closed","template":"","meta":{"ocean_post_layout":"","ocean_both_sidebars_style":"","ocean_both_sidebars_content_width":0,"ocean_both_sidebars_sidebars_width":0,"ocean_sidebar":"","ocean_second_sidebar":"","ocean_disable_margins":"enable","ocean_add_body_class":"","ocean_shortcode_before_top_bar":"","ocean_shortcode_after_top_bar":"","ocean_shortcode_before_header":"","ocean_shortcode_after_header":"","ocean_has_shortcode":"","ocean_shortcode_after_title":"","ocean_shortcode_before_footer_widgets":"","ocean_shortcode_after_footer_widgets":"","ocean_shortcode_before_footer_bottom":"","ocean_shortcode_after_footer_bottom":"","ocean_display_top_bar":"default","ocean_display_header":"default","ocean_header_style":"","ocean_center_header_left_menu":"","ocean_custom_header_template":"","ocean_custom_logo":0,"ocean_custom_retina_logo":0,"ocean_custom_logo_max_width":0,"ocean_custom_logo_tablet_max_width":0,"ocean_custom_logo_mobile_max_width":0,"ocean_custom_logo_max_height":0,"ocean_custom_logo_tablet_max_height":0,"ocean_custom_logo_mobile_max_height":0,"ocean_header_custom_menu":"","ocean_menu_typo_font_family":"","ocean_menu_typo_font_subset":"","ocean_menu_typo_font_size":0,"ocean_menu_typo_font_size_tablet":0,"ocean_menu_typo_font_size_mobile":0,"ocean_menu_typo_font_size_unit":"px","ocean_menu_typo_font_weight":"","ocean_menu_typo_font_weight_tablet":"","ocean_menu_typo_font_weight_mobile":"","ocean_menu_typo_transform":"","ocean_menu_typo_transform_tablet":"","ocean_menu_typo_transform_mobile":"","ocean_menu_typo_line_height":0,"ocean_menu_typo_line_height_tablet":0,"ocean_menu_typo_line_height_mobile":0,"ocean_menu_typo_line_height_unit":"","ocean_menu_typo_spacing":0,"ocean_menu_typo_spacing_tablet":0,"ocean_menu_typo_spacing_mobile":0,"ocean_menu_typo_spacing_unit":"","ocean_menu_link_color":"","ocean_menu_link_color_hover":"","ocean_menu_link_color_active":"","ocean_menu_link_background":"","ocean_menu_link_hover_background":"","ocean_menu_link_active_background":"","ocean_menu_social_links_bg":"","ocean_menu_social_hover_links_bg":"","ocean_menu_social_links_color":"","ocean_menu_social_hover_links_color":"","ocean_disable_title":"default","ocean_disable_heading":"default","ocean_post_title":"","ocean_post_subheading":"","ocean_post_title_style":"","ocean_post_title_background_color":"","ocean_post_title_background":0,"ocean_post_title_bg_image_position":"","ocean_post_title_bg_image_attachment":"","ocean_post_title_bg_image_repeat":"","ocean_post_title_bg_image_size":"","ocean_post_title_height":0,"ocean_post_title_bg_overlay":0.5,"ocean_post_title_bg_overlay_color":"","ocean_disable_breadcrumbs":"default","ocean_breadcrumbs_color":"","ocean_breadcrumbs_separator_color":"","ocean_breadcrumbs_links_color":"","ocean_breadcrumbs_links_hover_color":"","ocean_display_footer_widgets":"default","ocean_display_footer_bottom":"default","ocean_custom_footer_template":"","footnotes":""},"class_list":["post-751","page","type-page","status-publish","hentry","entry"],"_links":{"self":[{"href":"https:\/\/www.mcm64.fr\/index.php?rest_route=\/wp\/v2\/pages\/751","targetHints":{"allow":["GET"]}}],"collection":[{"href":"https:\/\/www.mcm64.fr\/index.php?rest_route=\/wp\/v2\/pages"}],"about":[{"href":"https:\/\/www.mcm64.fr\/index.php?rest_route=\/wp\/v2\/types\/page"}],"author":[{"embeddable":true,"href":"https:\/\/www.mcm64.fr\/index.php?rest_route=\/wp\/v2\/users\/1"}],"replies":[{"embeddable":true,"href":"https:\/\/www.mcm64.fr\/index.php?rest_route=%2Fwp%2Fv2%2Fcomments&post=751"}],"version-history":[{"count":7,"href":"https:\/\/www.mcm64.fr\/index.php?rest_route=\/wp\/v2\/pages\/751\/revisions"}],"predecessor-version":[{"id":787,"href":"https:\/\/www.mcm64.fr\/index.php?rest_route=\/wp\/v2\/pages\/751\/revisions\/787"}],"wp:attachment":[{"href":"https:\/\/www.mcm64.fr\/index.php?rest_route=%2Fwp%2Fv2%2Fmedia&parent=751"}],"curies":[{"name":"wp","href":"https:\/\/api.w.org\/{rel}","templated":true}]}}